{"id":2,"date":"2024-12-22T00:05:31","date_gmt":"2024-12-22T00:05:31","guid":{"rendered":"https:\/\/cardiomina.com\/home\/cardiomina\/public_html\/?page_id=2"},"modified":"2025-01-01T18:32:44","modified_gmt":"2025-01-01T22:32:44","slug":"cardiomina","status":"publish","type":"page","link":"https:\/\/cardiomina.com\/","title":{"rendered":"Cardiomina"},"content":{"rendered":"\n<p>Conozca Cardiomina, la vitamina del coraz\u00f3n<\/p>\n\n\n\n<figure class=\"wp-block-video\"><video height=\"480\" style=\"aspect-ratio: 854 \/ 480;\" width=\"854\" controls src=\"https:\/\/cardiomina.com\/wp-content\/uploads\/2024\/12\/cardiomina-video-01.mp4\"><\/video><\/figure>\n\n\n\n<p>Nos alegra tenerte aqu\u00ed en un espacio dedicado a tu bienestar y salud. En Cardiomina, entendemos lo importante que es cuidar de tu cuerpo y mente de manera integral. Por eso, hemos creado un suplemento \u00fanico, dise\u00f1ado para promover la salud del coraz\u00f3n, el cerebro y la energ\u00eda celular, a trav\u00e9s de una combinaci\u00f3n poderosa de ingredientes naturales. Nuestro compromiso es ofrecerte lo mejor en antioxidantes y apoyar tu vitalidad con una f\u00f3rmula innovadora que combina Ubiquinol CoQ10, Omega-3, Shilajit y PQQ.<\/p>\n\n\n\n<p>Cada ingrediente ha sido cuidadosamente seleccionado por sus beneficios comprobados y su capacidad para mejorar tu bienestar general. Con Cardiomina, no solo est\u00e1s eligiendo un suplemento, sino un aliado para tu salud. Sabemos que tu coraz\u00f3n y tu mente merecen lo mejor, y nos aseguramos de proporcionarlo con cada c\u00e1psula.<\/p>\n\n\n\n<figure class=\"wp-block-video\"><video height=\"480\" style=\"aspect-ratio: 854 \/ 480;\" width=\"854\" controls src=\"https:\/\/cardiomina.com\/wp-content\/uploads\/2024\/12\/cardiomina-video-02.mp4\"><\/video><\/figure>\n\n\n\n<p>Ahora te invitamos a conocer m\u00e1s sobre los ingredientes clave de Cardiomina y c\u00f3mo pueden beneficiar tu salud.<\/p>\n\n\n\n<p><strong>Ubiquinol CoQ10<\/strong><br>El Ubiquinol es la forma activa del CoQ10, un antioxidante esencial para la producci\u00f3n de energ\u00eda celular. Este componente juega un papel fundamental en la protecci\u00f3n de las c\u00e9lulas contra el da\u00f1o oxidativo y es crucial para la funci\u00f3n del coraz\u00f3n. Con el tiempo, los niveles de CoQ10 disminuyen en el cuerpo, lo que puede afectar la vitalidad. Al tomar Cardiomina, te proporcionamos una dosis eficaz de Ubiquinol CoQ10, ayudando a mantener la salud cardiovascular, promover la energ\u00eda y la resistencia.<\/p>\n\n\n\n<figure class=\"wp-block-image size-full\"><img loading=\"lazy\" decoding=\"async\" width=\"1024\" height=\"1024\" src=\"https:\/\/cardiomina.com\/wp-content\/uploads\/2024\/12\/DALL\u00b7E-2024-12-21-20.35.42-A-professional-and-vibrant-advertisement-for-a-health-supplement-named-Cardiomina-featuring-CoQ10-Omega-3-PQQ-and-Shilajit.-The-image-includes-att.webp\" alt=\"\" class=\"wp-image-6\" srcset=\"https:\/\/cardiomina.com\/wp-content\/uploads\/2024\/12\/DALL\u00b7E-2024-12-21-20.35.42-A-professional-and-vibrant-advertisement-for-a-health-supplement-named-Cardiomina-featuring-CoQ10-Omega-3-PQQ-and-Shilajit.-The-image-includes-att.webp 1024w, https:\/\/cardiomina.com\/wp-content\/uploads\/2024\/12\/DALL\u00b7E-2024-12-21-20.35.42-A-professional-and-vibrant-advertisement-for-a-health-supplement-named-Cardiomina-featuring-CoQ10-Omega-3-PQQ-and-Shilajit.-The-image-includes-att-300x300.webp 300w, https:\/\/cardiomina.com\/wp-content\/uploads\/2024\/12\/DALL\u00b7E-2024-12-21-20.35.42-A-professional-and-vibrant-advertisement-for-a-health-supplement-named-Cardiomina-featuring-CoQ10-Omega-3-PQQ-and-Shilajit.-The-image-includes-att-150x150.webp 150w, https:\/\/cardiomina.com\/wp-content\/uploads\/2024\/12\/DALL\u00b7E-2024-12-21-20.35.42-A-professional-and-vibrant-advertisement-for-a-health-supplement-named-Cardiomina-featuring-CoQ10-Omega-3-PQQ-and-Shilajit.-The-image-includes-att-768x768.webp 768w\" sizes=\"auto, (max-width: 1024px) 100vw, 1024px\" \/><\/figure>\n\n\n\n<p><strong>Omega-3<\/strong><br>Los \u00e1cidos grasos Omega-3 son esenciales para el bienestar general, y su impacto en la salud del coraz\u00f3n es ampliamente reconocido. Estos \u00e1cidos grasos ayudan a reducir la inflamaci\u00f3n, mejorar la circulaci\u00f3n sangu\u00ednea y apoyar el funcionamiento \u00f3ptimo del sistema cardiovascular. Adem\u00e1s, el Omega-3 es crucial para la salud cerebral, mejorando la memoria, la concentraci\u00f3n y el estado de \u00e1nimo. Con Cardiomina, te ofrecemos una fuente de Omega-3 de alta calidad para potenciar tu salud f\u00edsica y mental.<\/p>\n\n\n\n<p><strong>PQQ (Pirroloquinolina Quinona)<\/strong><br>El PQQ es un compuesto antioxidante que juega un papel crucial en la protecci\u00f3n de las c\u00e9lulas del cuerpo. Adem\u00e1s de sus beneficios antioxidantes, el PQQ tambi\u00e9n puede promover la salud mitocondrial, favoreciendo la producci\u00f3n de energ\u00eda en las c\u00e9lulas. Esto no solo mejora la energ\u00eda f\u00edsica, sino tambi\u00e9n la claridad mental y la funci\u00f3n cognitiva. Al incluir PQQ en nuestra f\u00f3rmula, Cardiomina ayuda a regenerar y mantener la salud celular, contribuyendo a una vida m\u00e1s activa y saludable.<\/p>\n\n\n\n<p><strong>Shilajit<\/strong><br>El Shilajit es una resina natural rica en minerales y compuestos bioactivos que han sido utilizados en la medicina tradicional durante siglos. Este ingrediente es conocido por sus propiedades revitalizantes, que ayudan a mejorar la energ\u00eda, la resistencia y la vitalidad general. Adem\u00e1s, el Shilajit apoya la salud cerebral, la funci\u00f3n inmune y la detoxificaci\u00f3n. En Cardiomina, aprovechamos los beneficios del Shilajit para ofrecerte un suplemento que no solo nutre tu cuerpo, sino que tambi\u00e9n promueve tu bienestar de forma integral.<\/p>\n\n\n\n<p>Con Cardiomina, te brindamos una soluci\u00f3n natural y eficaz para mantener tu coraz\u00f3n, cerebro y cuerpo en su mejor forma. \u00a1Descubre c\u00f3mo este suplemento puede transformar tu salud y energ\u00eda diaria!<\/p>\n\n\n\n<figure class=\"wp-block-video\"><video height=\"480\" style=\"aspect-ratio: 854 \/ 480;\" width=\"854\" controls src=\"https:\/\/cardiomina.com\/wp-content\/uploads\/2024\/12\/clubnatu-video-01.mp4\"><\/video><\/figure>\n","protected":false},"excerpt":{"rendered":"<p>Conozca Cardiomina, la vitamina del coraz\u00f3n Nos alegra tenerte aqu\u00ed en un espacio dedicado a tu bienestar y salud. En Cardiomina, entendemos lo importante que es cuidar de tu cuerpo y mente de manera integral. Por eso, hemos creado un suplemento \u00fanico, dise\u00f1ado para promover la salud del coraz\u00f3n, el cerebro y la energ\u00eda celular, [&hellip;]<\/p>\n","protected":false},"author":1,"featured_media":6,"parent":0,"menu_order":0,"comment_status":"closed","ping_status":"closed","template":"full-width.php","meta":{"footnotes":""},"class_list":["post-2","page","type-page","status-publish","has-post-thumbnail","hentry"],"_links":{"self":[{"href":"https:\/\/cardiomina.com\/index.php?rest_route=\/wp\/v2\/pages\/2","targetHints":{"allow":["GET"]}}],"collection":[{"href":"https:\/\/cardiomina.com\/index.php?rest_route=\/wp\/v2\/pages"}],"about":[{"href":"https:\/\/cardiomina.com\/index.php?rest_route=\/wp\/v2\/types\/page"}],"author":[{"embeddable":true,"href":"https:\/\/cardiomina.com\/index.php?rest_route=\/wp\/v2\/users\/1"}],"replies":[{"embeddable":true,"href":"https:\/\/cardiomina.com\/index.php?rest_route=%2Fwp%2Fv2%2Fcomments&post=2"}],"version-history":[{"count":6,"href":"https:\/\/cardiomina.com\/index.php?rest_route=\/wp\/v2\/pages\/2\/revisions"}],"predecessor-version":[{"id":43,"href":"https:\/\/cardiomina.com\/index.php?rest_route=\/wp\/v2\/pages\/2\/revisions\/43"}],"wp:featuredmedia":[{"embeddable":true,"href":"https:\/\/cardiomina.com\/index.php?rest_route=\/wp\/v2\/media\/6"}],"wp:attachment":[{"href":"https:\/\/cardiomina.com\/index.php?rest_route=%2Fwp%2Fv2%2Fmedia&parent=2"}],"curies":[{"name":"wp","href":"https:\/\/api.w.org\/{rel}","templated":true}]}}